{"id":25,"date":"2025-04-25T14:33:46","date_gmt":"2025-04-25T14:33:46","guid":{"rendered":"https:\/\/bfit-getxoprueba20242901.rkinformatika.online\/wordpress\/?page_id=25"},"modified":"2025-07-09T15:36:26","modified_gmt":"2025-07-09T15:36:26","slug":"accesibilidad","status":"publish","type":"page","link":"https:\/\/bfit-getxo.com\/eu\/accesibilidad\/","title":{"rendered":"Erabilerraztasuna"},"content":{"rendered":"<style>.elementor-25 .elementor-element.elementor-element-bfe378e{--display:flex;--flex-direction:column;--container-widget-width:100%;--container-widget-height:initial;--container-widget-flex-grow:0;--container-widget-align-self:initial;--flex-wrap-mobile:wrap;}:root{--page-title-display:none;}@media(min-width:768px){.elementor-25 .elementor-element.elementor-element-bfe378e{--content-width:1300px;}}<\/style>\t\t<div data-elementor-type=\"wp-page\" data-elementor-id=\"25\" class=\"elementor elementor-25\" data-elementor-post-type=\"page\">\n\t\t\t\t<div class=\"elementor-element elementor-element-bfe378e e-flex e-con-boxed e-con e-parent\" data-id=\"bfe378e\" data-element_type=\"container\" data-e-type=\"container\">\n\t\t\t\t\t<div class=\"e-con-inner\">\n\t\t\t\t<div class=\"elementor-element elementor-element-019d146 elementor-widget elementor-widget-text-editor\" data-id=\"019d146\" data-element_type=\"widget\" data-e-type=\"widget\" data-widget_type=\"text-editor.default\">\n\t\t\t\t<div class=\"elementor-widget-container\">\n\t\t\t\t\t\t\t\t\t<h1>ACCESIBILIDAD<\/h1>\n<p><span style=\"text-align: var(--text-align);\"><font color=\"#666666\" size=\"3\"><b>BFIT Getxo&nbsp;<\/b><\/font><\/span>se ha comprometido a hacer accesible su sitio web, de conformidad con el&nbsp;<a href=\"https:\/\/www.boe.es\/diario_boe\/txt.php?id=BOE-A-2018-12699\" target=\"_blank\" rel=\"noopener\">Real Decreto 1112\/2018, de 7 de septiembre, sobre accesibilidad de los sitios web y aplicaciones para dispositivos m\u00f3viles del sector p\u00fablico.<\/a><\/p>\n<p><span style=\"color: #666666; font-size: medium;\">La presente declaraci\u00f3n de accesibilidad se aplica al sitio web&nbsp;<\/span><b>https:\/\/<\/b><font color=\"#666666\" size=\"3\"><b>bfit-getxo.com<\/b><\/font><b>\/<\/b><\/p>\n<h2>Situaci\u00f3n de cumplimiento<\/h2>\n<p>Este sitio web es parcialmente conforme con el&nbsp;<a href=\"https:\/\/www.boe.es\/diario_boe\/txt.php?id=BOE-A-2018-12699\" target=\"_blank\" rel=\"noopener\">RD 1112\/2018<\/a>.<\/p>\n<h2>Preparaci\u00f3n para la siguiente declaraci\u00f3n de accesibilidad<\/h2>\n<p>La presente declaraci\u00f3n fue preparada el <b>25 de abril<\/b><b>&nbsp;de 2025.<\/b><\/p>\n<p>El m\u00e9todo empleado para preparar la declaraci\u00f3n ha sido una autoevaluaci\u00f3n llevada a cabo por el propio organismo.<\/p>\n<p>Observaciones y datos de contacto<\/p>\n<p>Puede realizar comunicaciones sobre requisitos de accesibilidad (art\u00edculo 10.2.a del RD 1112\/2018) como, por ejemplo:<\/p>\n<ul>\n<li>\n<p>Informar sobre cualquier posible incumplimiento por parte de este sitio web<\/p>\n<\/li>\n<li>\n<p>Transmitir otras dificultades de acceso al contenido<\/p>\n<\/li>\n<li>\n<p>Formular cualquier otra consulta o sugerencia de mejora relativa a la accesibilidad del sitio web<\/p>\n<\/li>\n<\/ul>\n<p>a trav\u00e9s del&nbsp;formulario de contacto de este sitio web o a trav\u00e9s del n\u00famero de tel\u00e9fono&nbsp;<b>(+34)&nbsp;<\/b><font color=\"#666666\" size=\"3\"><b>946 850 404<\/b><\/font><b>.<\/b><\/p>\n<p>Puede presentar:<\/p>\n<ul>\n<li>\n<p>Queja relativa al cumplimiento de los requisitos del RD 1112\/2018 o<\/p>\n<\/li>\n<li>\n<p>Solicitud de Informaci\u00f3n accesible relativa a:<\/p>\n<ul>\n<li>\n<p>Contenidos que est\u00e1n excluidos del \u00e1mbito de aplicaci\u00f3n del RD 1112\/2018 seg\u00fan lo establecido por el art\u00edculo 3, apartado 4<\/p>\n<\/li>\n<li>\n<p>Contenidos que est\u00e1n exentos del cumplimiento de los requisitos de accesibilidad por imponer una carga desproporcionada<\/p>\n<\/li>\n<\/ul>\n<\/li>\n<\/ul>\n<p>En la Solicitud de informaci\u00f3n accesible, se debe concretar, con toda claridad, los hechos, razones y petici\u00f3n que permitan constatar que se trata de una solicitud razonable y leg\u00edtima.<\/p>\n<p>Las quejas y reclamaciones sobre informaci\u00f3n accesible se realizar\u00e1n a trav\u00e9s de la sede electr\u00f3nica (<b>https:\/\/<\/b><font color=\"#666666\">bfit-getxo.com<\/font><b>\/contacto\/<\/b>), y ser\u00e1n recibidas y tratadas por el \u00e1rea de Sistemas de la Informaci\u00f3n de&nbsp;<span style=\"font-weight: 700; color: rgb(102, 102, 102); font-size: medium;\">BFIT Getxo<\/span><b>.<\/b><\/p>\n<p>Contenido opcional<\/p>\n<p>Este portal est\u00e1 dise\u00f1ado para poder cambiar el tama\u00f1o del texto y el color, as\u00ed como el fondo de la p\u00e1gina mediante las opciones de configuraci\u00f3n est\u00e1ndar de los navegadores.<\/p>\n<p>Si desea cambiar el tama\u00f1o de letra del texto en los principales navegadores gr\u00e1ficos utilice los siguientes men\u00fas:<\/p>\n<ul>\n<li>\n<p>Internet Explorer, Mozilla y Firefox: Ver &gt; Tama\u00f1o del texto<\/p>\n<\/li>\n<li>\n<p>Opera: Ver &gt; Zoom<\/p>\n<\/li>\n<li>\n<p>Safari: Ver &gt; Hacer el texto m\u00e1s grande<\/p>\n<\/li>\n<li>\n<p>Chrome: Controla la p\u00e1gina actual &gt; Tama\u00f1o del texto<\/p>\n<\/li>\n<li>\n<p>Para modificar el tama\u00f1o de todo en la p\u00e1gina:<\/p>\n<ul>\n<li>\n<p>Ctrl + + para aumentarlo<\/p>\n<\/li>\n<li>\n<p>Ctrl + \u2013 para disminuirlo<\/p>\n<\/li>\n<li>\n<p>Ctrl + 0 restaura el tama\u00f1o original del texto<\/p>\n<\/li>\n<li>\n<p>Si lo que quiere es anular la hoja de estilos o modificar el color del texto, puede consultar la p\u00e1gina&nbsp;<span lang=\"en-US\">How to Change Text Size or Colors de la WAI<\/span>, que se puede leer traducida al espa\u00f1ol en \u00bfC\u00f3mo cambiar el tama\u00f1o del texto o colores?<\/p>\n<\/li>\n<\/ul>\n<\/li>\n<\/ul>\t\t\t\t\t\t\t\t<\/div>\n\t\t\t\t<\/div>\n\t\t\t\t\t<\/div>\n\t\t\t\t<\/div>\n\t\t\t\t<\/div>","protected":false},"excerpt":{"rendered":"<p>ACCESIBILIDAD BFIT Getxo&nbsp;se ha comprometido a hacer accesible su sitio web, de conformidad con el&nbsp;Real Decreto 1112\/2018, de 7 de septiembre, sobre accesibilidad de los sitios web y aplicaciones para dispositivos m\u00f3viles del sector p\u00fablico. La presente declaraci\u00f3n de accesibilidad se aplica al sitio web&nbsp;https:\/\/bfit-getxo.com\/ Situaci\u00f3n de cumplimiento Este sitio web es parcialmente conforme con [&hellip;]<\/p>\n","protected":false},"author":1,"featured_media":0,"parent":0,"menu_order":0,"comment_status":"closed","ping_status":"closed","template":"","meta":{"footnotes":""},"class_list":["post-25","page","type-page","status-publish","hentry"],"yoast_head":"<!-- This site is optimized with the Yoast SEO plugin v27.3 - https:\/\/yoast.com\/product\/yoast-seo-wordpress\/ -->\n<title>Accesibilidad - bfit<\/title>\n<meta name=\"description\" content=\"BFIT Getxo se ha comprometido a hacer accesible su sitio web, de conformidad con el Real Decreto 1112\/2018, de 7 de septiembre, sobre accesibilidad de los sitios web y aplicaciones para dispositivos m\u00f3viles del sector p\u00fablico.\" \/>\n<meta name=\"robots\" content=\"index, follow, max-snippet:-1, max-image-preview:large, max-video-preview:-1\" \/>\n<link rel=\"canonical\" href=\"https:\/\/bfit-getxo.com\/eu\/accesibilidad\/\" \/>\n<meta property=\"og:locale\" content=\"en_US\" \/>\n<meta property=\"og:type\" content=\"article\" \/>\n<meta property=\"og:title\" content=\"Accesibilidad - bfit\" \/>\n<meta property=\"og:description\" content=\"BFIT Getxo se ha comprometido a hacer accesible su sitio web, de conformidad con el Real Decreto 1112\/2018, de 7 de septiembre, sobre accesibilidad de los sitios web y aplicaciones para dispositivos m\u00f3viles del sector p\u00fablico.\" \/>\n<meta property=\"og:url\" content=\"https:\/\/bfit-getxo.com\/eu\/accesibilidad\/\" \/>\n<meta property=\"og:site_name\" content=\"bfit\" \/>\n<meta property=\"article:publisher\" content=\"https:\/\/www.facebook.com\/BfitGetxo\" \/>\n<meta property=\"article:modified_time\" content=\"2025-07-09T15:36:26+00:00\" \/>\n<meta property=\"og:image\" content=\"https:\/\/bfit-getxo.com\/wp-content\/uploads\/2025\/04\/6-Bfit.png\" \/>\n\t<meta property=\"og:image:width\" content=\"9916\" \/>\n\t<meta property=\"og:image:height\" content=\"6998\" \/>\n\t<meta property=\"og:image:type\" content=\"image\/png\" \/>\n<meta name=\"twitter:card\" content=\"summary_large_image\" \/>\n<meta name=\"twitter:label1\" content=\"Est. reading time\" \/>\n\t<meta name=\"twitter:data1\" content=\"3 minutua\" \/>\n<script type=\"application\/ld+json\" class=\"yoast-schema-graph\">{\"@context\":\"https:\\\/\\\/schema.org\",\"@graph\":[{\"@type\":\"WebPage\",\"@id\":\"https:\\\/\\\/bfit-getxo.com\\\/accesibilidad\\\/\",\"url\":\"https:\\\/\\\/bfit-getxo.com\\\/accesibilidad\\\/\",\"name\":\"Accesibilidad - bfit\",\"isPartOf\":{\"@id\":\"https:\\\/\\\/bfit-getxo.com\\\/#website\"},\"datePublished\":\"2025-04-25T14:33:46+00:00\",\"dateModified\":\"2025-07-09T15:36:26+00:00\",\"description\":\"BFIT Getxo se ha comprometido a hacer accesible su sitio web, de conformidad con el Real Decreto 1112\\\/2018, de 7 de septiembre, sobre accesibilidad de los sitios web y aplicaciones para dispositivos m\u00f3viles del sector p\u00fablico.\",\"breadcrumb\":{\"@id\":\"https:\\\/\\\/bfit-getxo.com\\\/accesibilidad\\\/#breadcrumb\"},\"inLanguage\":\"eu\",\"potentialAction\":[{\"@type\":\"ReadAction\",\"target\":[\"https:\\\/\\\/bfit-getxo.com\\\/accesibilidad\\\/\"]}]},{\"@type\":\"BreadcrumbList\",\"@id\":\"https:\\\/\\\/bfit-getxo.com\\\/accesibilidad\\\/#breadcrumb\",\"itemListElement\":[{\"@type\":\"ListItem\",\"position\":1,\"name\":\"Portada\",\"item\":\"https:\\\/\\\/bfit-getxo.com\\\/\"},{\"@type\":\"ListItem\",\"position\":2,\"name\":\"Accesibilidad\"}]},{\"@type\":\"WebSite\",\"@id\":\"https:\\\/\\\/bfit-getxo.com\\\/#website\",\"url\":\"https:\\\/\\\/bfit-getxo.com\\\/\",\"name\":\"bfit\",\"description\":\"Fisioterapia y entrenamiento\",\"publisher\":{\"@id\":\"https:\\\/\\\/bfit-getxo.com\\\/#organization\"},\"alternateName\":\"Bfit Getxo\",\"potentialAction\":[{\"@type\":\"SearchAction\",\"target\":{\"@type\":\"EntryPoint\",\"urlTemplate\":\"https:\\\/\\\/bfit-getxo.com\\\/?s={search_term_string}\"},\"query-input\":{\"@type\":\"PropertyValueSpecification\",\"valueRequired\":true,\"valueName\":\"search_term_string\"}}],\"inLanguage\":\"eu\"},{\"@type\":\"Organization\",\"@id\":\"https:\\\/\\\/bfit-getxo.com\\\/#organization\",\"name\":\"Bfit\",\"alternateName\":\"Bfit Getxo\",\"url\":\"https:\\\/\\\/bfit-getxo.com\\\/\",\"logo\":{\"@type\":\"ImageObject\",\"inLanguage\":\"eu\",\"@id\":\"https:\\\/\\\/bfit-getxo.com\\\/#\\\/schema\\\/logo\\\/image\\\/\",\"url\":\"https:\\\/\\\/bfit-getxo.com\\\/wp-content\\\/uploads\\\/2025\\\/04\\\/cropped-Diseno-sin-titulo.png\",\"contentUrl\":\"https:\\\/\\\/bfit-getxo.com\\\/wp-content\\\/uploads\\\/2025\\\/04\\\/cropped-Diseno-sin-titulo.png\",\"width\":386,\"height\":257,\"caption\":\"Bfit\"},\"image\":{\"@id\":\"https:\\\/\\\/bfit-getxo.com\\\/#\\\/schema\\\/logo\\\/image\\\/\"},\"sameAs\":[\"https:\\\/\\\/www.facebook.com\\\/BfitGetxo\",\"https:\\\/\\\/www.instagram.com\\\/bfit_getxo_clinica\\\/\"]}]}<\/script>\n<!-- \/ Yoast SEO plugin. -->","yoast_head_json":{"title":"Accesibilidad - bfit","description":"BFIT Getxo se ha comprometido a hacer accesible su sitio web, de conformidad con el Real Decreto 1112\/2018, de 7 de septiembre, sobre accesibilidad de los sitios web y aplicaciones para dispositivos m\u00f3viles del sector p\u00fablico.","robots":{"index":"index","follow":"follow","max-snippet":"max-snippet:-1","max-image-preview":"max-image-preview:large","max-video-preview":"max-video-preview:-1"},"canonical":"https:\/\/bfit-getxo.com\/eu\/accesibilidad\/","og_locale":"en_US","og_type":"article","og_title":"Accesibilidad - bfit","og_description":"BFIT Getxo se ha comprometido a hacer accesible su sitio web, de conformidad con el Real Decreto 1112\/2018, de 7 de septiembre, sobre accesibilidad de los sitios web y aplicaciones para dispositivos m\u00f3viles del sector p\u00fablico.","og_url":"https:\/\/bfit-getxo.com\/eu\/accesibilidad\/","og_site_name":"bfit","article_publisher":"https:\/\/www.facebook.com\/BfitGetxo","article_modified_time":"2025-07-09T15:36:26+00:00","og_image":[{"width":9916,"height":6998,"url":"https:\/\/bfit-getxo.com\/wp-content\/uploads\/2025\/04\/6-Bfit.png","type":"image\/png"}],"twitter_card":"summary_large_image","twitter_misc":{"Est. reading time":"3 minutua"},"schema":{"@context":"https:\/\/schema.org","@graph":[{"@type":"WebPage","@id":"https:\/\/bfit-getxo.com\/accesibilidad\/","url":"https:\/\/bfit-getxo.com\/accesibilidad\/","name":"Accesibilidad - bfit","isPartOf":{"@id":"https:\/\/bfit-getxo.com\/#website"},"datePublished":"2025-04-25T14:33:46+00:00","dateModified":"2025-07-09T15:36:26+00:00","description":"BFIT Getxo se ha comprometido a hacer accesible su sitio web, de conformidad con el Real Decreto 1112\/2018, de 7 de septiembre, sobre accesibilidad de los sitios web y aplicaciones para dispositivos m\u00f3viles del sector p\u00fablico.","breadcrumb":{"@id":"https:\/\/bfit-getxo.com\/accesibilidad\/#breadcrumb"},"inLanguage":"eu","potentialAction":[{"@type":"ReadAction","target":["https:\/\/bfit-getxo.com\/accesibilidad\/"]}]},{"@type":"BreadcrumbList","@id":"https:\/\/bfit-getxo.com\/accesibilidad\/#breadcrumb","itemListElement":[{"@type":"ListItem","position":1,"name":"Portada","item":"https:\/\/bfit-getxo.com\/"},{"@type":"ListItem","position":2,"name":"Accesibilidad"}]},{"@type":"WebSite","@id":"https:\/\/bfit-getxo.com\/#website","url":"https:\/\/bfit-getxo.com\/","name":"bfit","description":"Fisioterapia y entrenamiento","publisher":{"@id":"https:\/\/bfit-getxo.com\/#organization"},"alternateName":"Bfit Getxo","potentialAction":[{"@type":"SearchAction","target":{"@type":"EntryPoint","urlTemplate":"https:\/\/bfit-getxo.com\/?s={search_term_string}"},"query-input":{"@type":"PropertyValueSpecification","valueRequired":true,"valueName":"search_term_string"}}],"inLanguage":"eu"},{"@type":"Organization","@id":"https:\/\/bfit-getxo.com\/#organization","name":"Bfit","alternateName":"Bfit Getxo","url":"https:\/\/bfit-getxo.com\/","logo":{"@type":"ImageObject","inLanguage":"eu","@id":"https:\/\/bfit-getxo.com\/#\/schema\/logo\/image\/","url":"https:\/\/bfit-getxo.com\/wp-content\/uploads\/2025\/04\/cropped-Diseno-sin-titulo.png","contentUrl":"https:\/\/bfit-getxo.com\/wp-content\/uploads\/2025\/04\/cropped-Diseno-sin-titulo.png","width":386,"height":257,"caption":"Bfit"},"image":{"@id":"https:\/\/bfit-getxo.com\/#\/schema\/logo\/image\/"},"sameAs":["https:\/\/www.facebook.com\/BfitGetxo","https:\/\/www.instagram.com\/bfit_getxo_clinica\/"]}]}},"_links":{"self":[{"href":"https:\/\/bfit-getxo.com\/eu\/wp-json\/wp\/v2\/pages\/25","targetHints":{"allow":["GET"]}}],"collection":[{"href":"https:\/\/bfit-getxo.com\/eu\/wp-json\/wp\/v2\/pages"}],"about":[{"href":"https:\/\/bfit-getxo.com\/eu\/wp-json\/wp\/v2\/types\/page"}],"author":[{"embeddable":true,"href":"https:\/\/bfit-getxo.com\/eu\/wp-json\/wp\/v2\/users\/1"}],"replies":[{"embeddable":true,"href":"https:\/\/bfit-getxo.com\/eu\/wp-json\/wp\/v2\/comments?post=25"}],"version-history":[{"count":7,"href":"https:\/\/bfit-getxo.com\/eu\/wp-json\/wp\/v2\/pages\/25\/revisions"}],"predecessor-version":[{"id":53,"href":"https:\/\/bfit-getxo.com\/eu\/wp-json\/wp\/v2\/pages\/25\/revisions\/53"}],"wp:attachment":[{"href":"https:\/\/bfit-getxo.com\/eu\/wp-json\/wp\/v2\/media?parent=25"}],"curies":[{"name":"wp","href":"https:\/\/api.w.org\/{rel}","templated":true}]}}